{"id":188,"date":"2023-09-20T16:43:52","date_gmt":"2023-09-20T16:43:52","guid":{"rendered":"https:\/\/obitrucks.com.br\/?page_id=188"},"modified":"2023-09-21T20:49:36","modified_gmt":"2023-09-21T20:49:36","slug":"sobre","status":"publish","type":"page","link":"https:\/\/obitrucks.com.br\/index.php\/sobre\/","title":{"rendered":"Sobre"},"content":{"rendered":"\t\t<div data-elementor-type=\"wp-page\" data-elementor-id=\"188\" class=\"elementor elementor-188\" data-elementor-post-type=\"page\">\n\t\t\t\t\t\t<section class=\"elementor-section elementor-top-section elementor-element elementor-element-6a1d620 elementor-section-boxed elementor-section-height-default elementor-section-height-default\" data-id=\"6a1d620\" data-element_type=\"section\">\n\t\t\t\t\t\t<div class=\"elementor-container elementor-column-gap-default\">\n\t\t\t\t\t<div class=\"elementor-column elementor-col-100 elementor-top-column elementor-element elementor-element-8effd9c\" data-id=\"8effd9c\" data-element_type=\"column\">\n\t\t\t<div class=\"elementor-widget-wrap elementor-element-populated\">\n\t\t\t\t\t\t<div class=\"elementor-element elementor-element-54dcb45 elementor-widget elementor-widget-image\" data-id=\"54dcb45\" data-element_type=\"widget\" data-widget_type=\"image.default\">\n\t\t\t\t<div class=\"elementor-widget-container\">\n\t\t\t\t\t\t\t\t\t\t\t\t\t\t\t<img fetchpriority=\"high\" decoding=\"async\" width=\"960\" height=\"1280\" src=\"https:\/\/obitrucks.com.br\/wp-content\/uploads\/2023\/09\/WhatsApp-Image-2023-09-20-at-14.30.00.jpeg\" class=\"attachment-full size-full wp-image-197\" alt=\"\" srcset=\"https:\/\/obitrucks.com.br\/wp-content\/uploads\/2023\/09\/WhatsApp-Image-2023-09-20-at-14.30.00.jpeg 960w, https:\/\/obitrucks.com.br\/wp-content\/uploads\/2023\/09\/WhatsApp-Image-2023-09-20-at-14.30.00-225x300.jpeg 225w, https:\/\/obitrucks.com.br\/wp-content\/uploads\/2023\/09\/WhatsApp-Image-2023-09-20-at-14.30.00-768x1024.jpeg 768w\" sizes=\"(max-width: 960px) 100vw, 960px\" \/>\t\t\t\t\t\t\t\t\t\t\t\t\t\t\t<\/div>\n\t\t\t\t<\/div>\n\t\t\t\t\t<\/div>\n\t\t<\/div>\n\t\t\t\t\t<\/div>\n\t\t<\/section>\n\t\t\t\t<section class=\"elementor-section elementor-top-section elementor-element elementor-element-72b25a9 elementor-section-content-top elementor-section-boxed elementor-section-height-default elementor-section-height-default\" data-id=\"72b25a9\" data-element_type=\"section\">\n\t\t\t\t\t\t<div class=\"elementor-container elementor-column-gap-default\">\n\t\t\t\t\t<div class=\"elementor-column elementor-col-50 elementor-top-column elementor-element elementor-element-c7b57d9\" data-id=\"c7b57d9\" data-element_type=\"column\">\n\t\t\t<div class=\"elementor-widget-wrap elementor-element-populated\">\n\t\t\t\t\t\t<div class=\"elementor-element elementor-element-2f4a003 elementor-widget elementor-widget-image\" data-id=\"2f4a003\" data-element_type=\"widget\" data-widget_type=\"image.default\">\n\t\t\t\t<div class=\"elementor-widget-container\">\n\t\t\t\t\t\t\t\t\t\t\t\t\t\t\t<img decoding=\"async\" width=\"960\" height=\"1280\" src=\"https:\/\/obitrucks.com.br\/wp-content\/uploads\/2023\/09\/WhatsApp-Image-2023-09-20-at-14.27.37.jpeg\" class=\"attachment-full size-full wp-image-196\" alt=\"\" srcset=\"https:\/\/obitrucks.com.br\/wp-content\/uploads\/2023\/09\/WhatsApp-Image-2023-09-20-at-14.27.37.jpeg 960w, https:\/\/obitrucks.com.br\/wp-content\/uploads\/2023\/09\/WhatsApp-Image-2023-09-20-at-14.27.37-225x300.jpeg 225w, https:\/\/obitrucks.com.br\/wp-content\/uploads\/2023\/09\/WhatsApp-Image-2023-09-20-at-14.27.37-768x1024.jpeg 768w\" sizes=\"(max-width: 960px) 100vw, 960px\" \/>\t\t\t\t\t\t\t\t\t\t\t\t\t\t\t<\/div>\n\t\t\t\t<\/div>\n\t\t\t\t\t<\/div>\n\t\t<\/div>\n\t\t\t\t<div class=\"elementor-column elementor-col-50 elementor-top-column elementor-element elementor-element-61ab55b\" data-id=\"61ab55b\" data-element_type=\"column\">\n\t\t\t<div class=\"elementor-widget-wrap elementor-element-populated\">\n\t\t\t\t\t\t<div class=\"elementor-element elementor-element-b9c73b1 elementor-widget elementor-widget-text-editor\" data-id=\"b9c73b1\" data-element_type=\"widget\" data-widget_type=\"text-editor.default\">\n\t\t\t\t<div class=\"elementor-widget-container\">\n\t\t\t\t\t\t\t\t\t<p>Quando voc\u00ea come\u00e7a a andar de skate sempre surge a inspira\u00e7\u00e3o para rol\u00ea como v\u00eddeos, fotos e skatistas que levam a vontade de aprender e viver o skate ao m\u00e1ximo.<\/p><p>Com o tempo aparece novas inspira\u00e7\u00f5es e tend\u00eancias, mas voc\u00ea cria sua pr\u00f3pria identidade, seu pr\u00f3prio estilo de curtir o que mais gosta de fazer. Reunir os amigos e andar muito de skate!<\/p><p>Com a OBI Trucks n\u00e3o foi diferente, toda equipe cresceu e viu o skate nacional evoluir e ganhar o mundo. Isso fez agente ter vontade de colocar toda nossa viv\u00eancia e experi\u00eancia nos trucks criando identidade pr\u00f3pria em cada linha, f\u00f3rmula e material usado para ter o melhor truck do mundo.<\/p><p>Assim desde 2013 estamos evoluindo junto ao skate contempor\u00e2neo sem esquecer as inspira\u00e7\u00f5es que nos trouxeram at\u00e9 aqui e buscar sempre evoluir.<\/p><p>Conte conosco em cada manobra, amizades e viv\u00eancia no skate pois no final o melhor do skate \u00e9 voc\u00ea mesmo que faz.<\/p>\t\t\t\t\t\t\t\t<\/div>\n\t\t\t\t<\/div>\n\t\t\t\t\t<\/div>\n\t\t<\/div>\n\t\t\t\t\t<\/div>\n\t\t<\/section>\n\t\t\t\t<\/div>\n\t\t","protected":false},"excerpt":{"rendered":"<p>Quando voc\u00ea come\u00e7a a andar de skate sempre surge a inspira\u00e7\u00e3o para rol\u00ea como v\u00eddeos, fotos e skatistas que levam a vontade de aprender e viver o skate ao m\u00e1ximo. Com o tempo aparece novas inspira\u00e7\u00f5es e tend\u00eancias, mas voc\u00ea cria sua pr\u00f3pria identidade, seu pr\u00f3prio estilo de curtir o que mais gosta de fazer. [&hellip;]<\/p>\n","protected":false},"author":1,"featured_media":0,"parent":0,"menu_order":0,"comment_status":"closed","ping_status":"closed","template":"","meta":{"footnotes":""},"class_list":["post-188","page","type-page","status-publish","hentry"],"_links":{"self":[{"href":"https:\/\/obitrucks.com.br\/index.php\/wp-json\/wp\/v2\/pages\/188","targetHints":{"allow":["GET"]}}],"collection":[{"href":"https:\/\/obitrucks.com.br\/index.php\/wp-json\/wp\/v2\/pages"}],"about":[{"href":"https:\/\/obitrucks.com.br\/index.php\/wp-json\/wp\/v2\/types\/page"}],"author":[{"embeddable":true,"href":"https:\/\/obitrucks.com.br\/index.php\/wp-json\/wp\/v2\/users\/1"}],"replies":[{"embeddable":true,"href":"https:\/\/obitrucks.com.br\/index.php\/wp-json\/wp\/v2\/comments?post=188"}],"version-history":[{"count":19,"href":"https:\/\/obitrucks.com.br\/index.php\/wp-json\/wp\/v2\/pages\/188\/revisions"}],"predecessor-version":[{"id":213,"href":"https:\/\/obitrucks.com.br\/index.php\/wp-json\/wp\/v2\/pages\/188\/revisions\/213"}],"wp:attachment":[{"href":"https:\/\/obitrucks.com.br\/index.php\/wp-json\/wp\/v2\/media?parent=188"}],"curies":[{"name":"wp","href":"https:\/\/api.w.org\/{rel}","templated":true}]}}